{"id":1630,"date":"2023-08-31T10:41:36","date_gmt":"2023-08-31T10:41:36","guid":{"rendered":"https:\/\/www.teralab-datascience.fr\/?page_id=1630"},"modified":"2023-08-31T14:58:45","modified_gmt":"2023-08-31T14:58:45","slug":"mentions-legales","status":"publish","type":"page","link":"https:\/\/www.teralab-datascience.fr\/?page_id=1630","title":{"rendered":"Mentions l\u00e9gales"},"content":{"rendered":"\t\t<div data-elementor-type=\"wp-page\" data-elementor-id=\"1630\" class=\"elementor elementor-1630\" data-elementor-post-type=\"page\">\n\t\t\t\t\t\t<section class=\"has_eae_slider elementor-section elementor-top-section elementor-element elementor-element-c020456 elementor-section-height-min-height elementor-section-boxed elementor-section-height-default elementor-section-items-middle\" data-eae-slider=\"45847\" data-id=\"c020456\" data-element_type=\"section\" data-e-type=\"section\" data-settings=\"{&quot;background_background&quot;:&quot;classic&quot;,&quot;background_motion_fx_motion_fx_scrolling&quot;:&quot;yes&quot;,&quot;background_motion_fx_translateY_effect&quot;:&quot;yes&quot;,&quot;background_motion_fx_translateY_speed&quot;:{&quot;unit&quot;:&quot;px&quot;,&quot;size&quot;:2.2,&quot;sizes&quot;:[]},&quot;background_motion_fx_translateY_affectedRange&quot;:{&quot;unit&quot;:&quot;%&quot;,&quot;size&quot;:&quot;&quot;,&quot;sizes&quot;:{&quot;start&quot;:0,&quot;end&quot;:100}},&quot;background_motion_fx_devices&quot;:[&quot;desktop&quot;,&quot;tablet&quot;,&quot;mobile&quot;]}\">\n\t\t\t\t\t\t<div class=\"elementor-container elementor-column-gap-no\">\n\t\t\t\t\t<div class=\"has_eae_slider elementor-column elementor-col-100 elementor-top-column elementor-element elementor-element-173ffec\" data-eae-slider=\"1146\" data-id=\"173ffec\" data-element_type=\"column\" data-e-type=\"column\" data-settings=\"{&quot;background_background&quot;:&quot;classic&quot;}\">\n\t\t\t<div class=\"elementor-widget-wrap elementor-element-populated\">\n\t\t\t\t\t\t<div class=\"elementor-element elementor-element-63cf4d9 elementor-widget elementor-widget-heading\" data-id=\"63cf4d9\" data-element_type=\"widget\" data-e-type=\"widget\" data-widget_type=\"heading.default\">\n\t\t\t\t<div class=\"elementor-widget-container\">\n\t\t\t\t\t<h1 class=\"elementor-heading-title elementor-size-default\"><span style=\"font-weight: 800\">Mentions L\u00e9gales <\/span><\/h1>\t\t\t\t<\/div>\n\t\t\t\t<\/div>\n\t\t\t\t\t<\/div>\n\t\t<\/div>\n\t\t\t\t\t<\/div>\n\t\t<\/section>\n\t\t\t\t<section class=\"has_eae_slider elementor-section elementor-top-section elementor-element elementor-element-33f2932 elementor-section-boxed elementor-section-height-default elementor-section-height-default\" data-eae-slider=\"21054\" data-id=\"33f2932\" data-element_type=\"section\" data-e-type=\"section\">\n\t\t\t\t\t\t<div class=\"elementor-container elementor-column-gap-default\">\n\t\t\t\t\t<div class=\"has_eae_slider elementor-column elementor-col-100 elementor-top-column elementor-element elementor-element-ad74be0\" data-eae-slider=\"107\" data-id=\"ad74be0\" data-element_type=\"column\" data-e-type=\"column\">\n\t\t\t<div class=\"elementor-widget-wrap elementor-element-populated\">\n\t\t\t\t\t\t<div class=\"elementor-element elementor-element-e9dbb65 content elementor-widget elementor-widget-heading\" data-id=\"e9dbb65\" data-element_type=\"widget\" data-e-type=\"widget\" data-widget_type=\"heading.default\">\n\t\t\t\t<div class=\"elementor-widget-container\">\n\t\t\t\t\t<h2 class=\"elementor-heading-title elementor-size-default\">\u00c9diteur du site :<\/h2>\t\t\t\t<\/div>\n\t\t\t\t<\/div>\n\t\t\t\t<div class=\"elementor-element elementor-element-3bb002a elementor-widget elementor-widget-text-editor\" data-id=\"3bb002a\" data-element_type=\"widget\" data-e-type=\"widget\" data-widget_type=\"text-editor.default\">\n\t\t\t\t<div class=\"elementor-widget-container\">\n\t\t\t\t\t\t\t\t\t<p>IMT Transfert &#8211; Teralab<br \/>Direction G\u00e9n\u00e9rale<br \/>19 Place Marguerite Perey<br \/>91120 Palaiseau, France<br \/>Site web :\u00a0https:\/\/www.teralab-datascience.fr\/<br \/>Soci\u00e9t\u00e9 :<br \/>IMT Transfert<br \/>Direction G\u00e9n\u00e9rale<br \/>19 Place Marguerite Perey<br \/>91120 Palaiseau, France<br \/>SASU au capital de 2 010 200,00 \u20ac<br \/>SIRET : 43454187600042<br \/>TVA intracommunautaire : FR57434541876<\/p>\t\t\t\t\t\t\t\t<\/div>\n\t\t\t\t<\/div>\n\t\t\t\t<div class=\"elementor-element elementor-element-287cdde content elementor-widget elementor-widget-heading\" data-id=\"287cdde\" data-element_type=\"widget\" data-e-type=\"widget\" data-widget_type=\"heading.default\">\n\t\t\t\t<div class=\"elementor-widget-container\">\n\t\t\t\t\t<h2 class=\"elementor-heading-title elementor-size-default\">H\u00e9bergement du site :<\/h2>\t\t\t\t<\/div>\n\t\t\t\t<\/div>\n\t\t\t\t<div class=\"elementor-element elementor-element-86559f0 elementor-widget elementor-widget-text-editor\" data-id=\"86559f0\" data-element_type=\"widget\" data-e-type=\"widget\" data-widget_type=\"text-editor.default\">\n\t\t\t\t<div class=\"elementor-widget-container\">\n\t\t\t\t\t\t\t\t\t<p>Nom de l&#8217;h\u00e9bergeur : Scaleway<\/p><p>Adresse : BP 438 75366 PARIS CEDEX 08 FRANCE<\/p><p>Site web : https:\/\/www.scaleway.com<\/p>\t\t\t\t\t\t\t\t<\/div>\n\t\t\t\t<\/div>\n\t\t\t\t<div class=\"elementor-element elementor-element-9c01175 content elementor-widget elementor-widget-heading\" data-id=\"9c01175\" data-element_type=\"widget\" data-e-type=\"widget\" data-widget_type=\"heading.default\">\n\t\t\t\t<div class=\"elementor-widget-container\">\n\t\t\t\t\t<h2 class=\"elementor-heading-title elementor-size-default\">Propri\u00e9t\u00e9 intellectuelle :<\/h2>\t\t\t\t<\/div>\n\t\t\t\t<\/div>\n\t\t\t\t<div class=\"elementor-element elementor-element-2e92a23 elementor-widget elementor-widget-text-editor\" data-id=\"2e92a23\" data-element_type=\"widget\" data-e-type=\"widget\" data-widget_type=\"text-editor.default\">\n\t\t\t\t<div class=\"elementor-widget-container\">\n\t\t\t\t\t\t\t\t\tL&#39;ensemble des \u00e9l\u00e9ments pr\u00e9sents sur ce site (textes, images, logos, etc.) est la\npropri\u00e9t\u00e9 exclusive de IMT Transfert ou de ses partenaires et rel\u00e8ve de la l\u00e9gislation\nfran\u00e7aise et internationale sur le droit d&#39;auteur et la propri\u00e9t\u00e9 intellectuelle. Toute\nreproduction, repr\u00e9sentation, modification, publication, adaptation de tout ou partie\ndes \u00e9l\u00e9ments du site, quel que soit le moyen ou le proc\u00e9d\u00e9 utilis\u00e9, est interdite, sauf\nautorisation \u00e9crite pr\u00e9alable de IMT Transfert.\t\t\t\t\t\t\t\t<\/div>\n\t\t\t\t<\/div>\n\t\t\t\t<div class=\"elementor-element elementor-element-fad597b content elementor-widget elementor-widget-heading\" data-id=\"fad597b\" data-element_type=\"widget\" data-e-type=\"widget\" data-widget_type=\"heading.default\">\n\t\t\t\t<div class=\"elementor-widget-container\">\n\t\t\t\t\t<h2 class=\"elementor-heading-title elementor-size-default\">Limitation de responsabilit\u00e9 :<\/h2>\t\t\t\t<\/div>\n\t\t\t\t<\/div>\n\t\t\t\t<div class=\"elementor-element elementor-element-7e574c2 elementor-widget elementor-widget-text-editor\" data-id=\"7e574c2\" data-element_type=\"widget\" data-e-type=\"widget\" data-widget_type=\"text-editor.default\">\n\t\t\t\t<div class=\"elementor-widget-container\">\n\t\t\t\t\t\t\t\t\tIMT Transfert ne saurait \u00eatre tenu pour responsable des erreurs qui se seraient\ngliss\u00e9es dans les documents pr\u00e9sents sur le site, malgr\u00e9 le soin apport\u00e9 \u00e0 leur\nr\u00e9alisation et \u00e0 leur mise \u00e0 jour. IMT Transfert se r\u00e9serve le droit de corriger, \u00e0 tout\nmoment et sans pr\u00e9avis, le contenu du site. IMT Transfert ne saurait \u00eatre tenu pour\nresponsable de l&#39;utilisation qui serait faite des informations et des contenus\ndisponibles sur le site.\t\t\t\t\t\t\t\t<\/div>\n\t\t\t\t<\/div>\n\t\t\t\t<div class=\"elementor-element elementor-element-ad7cd1f content elementor-widget elementor-widget-heading\" data-id=\"ad7cd1f\" data-element_type=\"widget\" data-e-type=\"widget\" data-widget_type=\"heading.default\">\n\t\t\t\t<div class=\"elementor-widget-container\">\n\t\t\t\t\t<h2 class=\"elementor-heading-title elementor-size-default\">Liens hypertextes :<\/h2>\t\t\t\t<\/div>\n\t\t\t\t<\/div>\n\t\t\t\t<div class=\"elementor-element elementor-element-1da420e elementor-widget elementor-widget-text-editor\" data-id=\"1da420e\" data-element_type=\"widget\" data-e-type=\"widget\" data-widget_type=\"text-editor.default\">\n\t\t\t\t<div class=\"elementor-widget-container\">\n\t\t\t\t\t\t\t\t\tLe site\u00a0https:\/\/www.teralab-datascience.fr\/\u00a0peut contenir des liens hypertextes vers\nd&#39;autres sites. IMT Transfert n&#39;est pas responsable du contenu et de la politique de\nconfidentialit\u00e9 de ces sites.\nLoi applicable et juridiction comp\u00e9tente :\nLes pr\u00e9sentes mentions l\u00e9gales sont soumises au droit fran\u00e7ais. En cas de litige, et \u00e0\nd\u00e9faut d&#39;accord amiable entre les parties, les tribunaux fran\u00e7ais seront seuls\ncomp\u00e9tents.\t\t\t\t\t\t\t\t<\/div>\n\t\t\t\t<\/div>\n\t\t\t\t<div class=\"elementor-element elementor-element-b08a31e content elementor-widget elementor-widget-heading\" data-id=\"b08a31e\" data-element_type=\"widget\" data-e-type=\"widget\" data-widget_type=\"heading.default\">\n\t\t\t\t<div class=\"elementor-widget-container\">\n\t\t\t\t\t<h2 class=\"elementor-heading-title elementor-size-default\">Modification des mentions l\u00e9gales :<\/h2>\t\t\t\t<\/div>\n\t\t\t\t<\/div>\n\t\t\t\t<div class=\"elementor-element elementor-element-ed4054e elementor-widget elementor-widget-text-editor\" data-id=\"ed4054e\" data-element_type=\"widget\" data-e-type=\"widget\" data-widget_type=\"text-editor.default\">\n\t\t\t\t<div class=\"elementor-widget-container\">\n\t\t\t\t\t\t\t\t\tIMT Transfert se r\u00e9serve le droit de modifier les pr\u00e9sentes mentions l\u00e9gales \u00e0 tout\nmoment. L&#39;utilisateur est invit\u00e9 \u00e0 les consulter r\u00e9guli\u00e8rement.\t\t\t\t\t\t\t\t<\/div>\n\t\t\t\t<\/div>\n\t\t\t\t<div class=\"elementor-element elementor-element-340ad6f content elementor-widget elementor-widget-heading\" data-id=\"340ad6f\" data-element_type=\"widget\" data-e-type=\"widget\" data-widget_type=\"heading.default\">\n\t\t\t\t<div class=\"elementor-widget-container\">\n\t\t\t\t\t<h2 class=\"elementor-heading-title elementor-size-default\">----COOKIE <\/h2>\t\t\t\t<\/div>\n\t\t\t\t<\/div>\n\t\t\t\t<div class=\"elementor-element elementor-element-27836c0 elementor-widget elementor-widget-text-editor\" data-id=\"27836c0\" data-element_type=\"widget\" data-e-type=\"widget\" data-widget_type=\"text-editor.default\">\n\t\t\t\t<div class=\"elementor-widget-container\">\n\t\t\t\t\t\t\t\t\tUtilisation des cookies :<br><br>\nLe site\u00a0https:\/\/www.teralab-datascience.fr\/\u00a0utilise des cookies pour am\u00e9liorer l&#8217;exp\u00e9rience utilisateur et r\u00e9aliser des statistiques de visite. Les cookies sont des\npetits fichiers texte d\u00e9pos\u00e9s sur le terminal de l&#8217;utilisateur lors de la visite d&#8217;un site\nweb. Ils ont pour but de collecter des informations relatives \u00e0 la navigation et de\npermettre certaines fonctionnalit\u00e9s.\n\nLes cookies d\u00e9pos\u00e9s par notre site peuvent \u00eatre de plusieurs types :\n\n-Cookies techniques : Ils sont n\u00e9cessaires au bon fonctionnement du site et\npermettent, par exemple, de m\u00e9moriser vos pr\u00e9f\u00e9rences ou de faciliter la navigation\nsur le site.\n-Cookies de mesure d&#8217;audience : Ces cookies sont utilis\u00e9s pour analyser le trafic et le\ncomportement des utilisateurs sur le site afin d&#8217;am\u00e9liorer nos services et d&#8217;adapter le\ncontenu propos\u00e9.\n-Cookies tiers : Certains services (comme des boutons de partage sur les r\u00e9seaux\nsociaux) peuvent utiliser des cookies tiers. IMT Transfert n&#8217;a pas de contr\u00f4le sur ces\ncookies et vous invite \u00e0 consulter les politiques de confidentialit\u00e9 des sites concern\u00e9s\npour plus d&#8217;informations.\n\nVous pouvez \u00e0 tout moment choisir d&#8217;accepter ou de refuser les cookies en modifiant\nles param\u00e8tres de votre navigateur. Toutefois, le refus de certains cookies peut\nentra\u00eener des limitations dans l&#8217;utilisation du site et de ses fonctionnalit\u00e9s.\nPour plus d&#8217;informations sur les cookies et la mani\u00e8re de les g\u00e9rer, vous pouvez\nconsulter le site de la Commission Nationale de l&#8217;Informatique et des Libert\u00e9s (CNIL)\n:\u00a0https:\/\/www.cnil.fr\/fr\/cookies-les-outils-pour-les-maitriser.\t\t\t\t\t\t\t\t<\/div>\n\t\t\t\t<\/div>\n\t\t\t\t<div class=\"elementor-element elementor-element-1bf5083 content elementor-widget elementor-widget-heading\" data-id=\"1bf5083\" data-element_type=\"widget\" data-e-type=\"widget\" data-widget_type=\"heading.default\">\n\t\t\t\t<div class=\"elementor-widget-container\">\n\t\t\t\t\t<h2 class=\"elementor-heading-title elementor-size-default\">----RGPD<\/h2>\t\t\t\t<\/div>\n\t\t\t\t<\/div>\n\t\t\t\t<div class=\"elementor-element elementor-element-b985b93 elementor-widget elementor-widget-text-editor\" data-id=\"b985b93\" data-element_type=\"widget\" data-e-type=\"widget\" data-widget_type=\"text-editor.default\">\n\t\t\t\t<div class=\"elementor-widget-container\">\n\t\t\t\t\t\t\t\t\tRespect du R\u00e8glement G\u00e9n\u00e9ral sur la Protection des Donn\u00e9es (RGPD) :<br><br>\nIMT Transfert accorde une grande importance \u00e0 la protection de la vie priv\u00e9e et des\ndonn\u00e9es personnelles de ses utilisateurs. Conform\u00e9ment au R\u00e8glement G\u00e9n\u00e9ral sur\nla Protection des Donn\u00e9es (RGPD) en vigueur au sein de l&#8217;Union Europ\u00e9enne, nous\nmettons en place des mesures pour garantir la s\u00e9curit\u00e9, la confidentialit\u00e9 et l&#8217;int\u00e9grit\u00e9\ndes donn\u00e9es personnelles que nous collectons et traitons.<br>\nLes donn\u00e9es personnelles collect\u00e9es sur\u00a0https:\/\/www.teralab-datascience.fr\/\u00a0peuvent\ninclure des informations telles que le nom, l&#8217;adresse e-mail, le num\u00e9ro de t\u00e9l\u00e9phone\nou l&#8217;adresse IP. Ces donn\u00e9es sont recueillies uniquement avec le consentementexplicite de l&#8217;utilisateur et sont utilis\u00e9es pour r\u00e9pondre \u00e0 des demandes d&#8217;information,\nfournir des services ou r\u00e9aliser des op\u00e9rations de communication.<br><br>\nIMT Transfert s&#8217;engage \u00e0 ne pas partager, vendre ou divulguer les donn\u00e9es\npersonnelles collect\u00e9es \u00e0 des tiers sans le consentement pr\u00e9alable de l&#8217;utilisateur,\nsauf obligation l\u00e9gale. Nous conservons les donn\u00e9es uniquement pour la dur\u00e9e\nn\u00e9cessaire \u00e0 la r\u00e9alisation des finalit\u00e9s pour lesquelles elles ont \u00e9t\u00e9 collect\u00e9es.\nConform\u00e9ment \u00e0 la r\u00e9glementation en vigueur, les utilisateurs disposent d&#8217;un droit\nd&#8217;acc\u00e8s, de rectification, de suppression, de limitation, de portabilit\u00e9 et d&#8217;opposition\nsur leurs donn\u00e9es personnelles. Pour exercer ces droits, vous pouvez envoyer une\ndemande \u00e0 travers le formulaire de contact du site.\nPour toute question ou r\u00e9clamation concernant la protection des donn\u00e9es\npersonnelles, vous pouvez \u00e9galement contacter l&#8217;autorit\u00e9 de contr\u00f4le comp\u00e9tente\ndans votre pays, \u00e0 savoir la Commission Nationale de l&#8217;Informatique et des Libert\u00e9s\n(CNIL) pour la France (https:\/\/www.cnil.fr\/).\t\t\t\t\t\t\t\t<\/div>\n\t\t\t\t<\/div>\n\t\t\t\t<div class=\"elementor-element elementor-element-0b412f0 content elementor-widget elementor-widget-heading\" data-id=\"0b412f0\" data-element_type=\"widget\" data-e-type=\"widget\" data-widget_type=\"heading.default\">\n\t\t\t\t<div class=\"elementor-widget-container\">\n\t\t\t\t\t<h2 class=\"elementor-heading-title elementor-size-default\">----Formulaires<\/h2>\t\t\t\t<\/div>\n\t\t\t\t<\/div>\n\t\t\t\t<div class=\"elementor-element elementor-element-ca2d071 elementor-widget elementor-widget-text-editor\" data-id=\"ca2d071\" data-element_type=\"widget\" data-e-type=\"widget\" data-widget_type=\"text-editor.default\">\n\t\t\t\t<div class=\"elementor-widget-container\">\n\t\t\t\t\t\t\t\t\tUtilisation des formulaires et int\u00e9gration d&#8217;Elementor :<br><br>\nLe site\u00a0https:\/\/www.teralab-datascience.fr\/\u00a0propose des formulaires de contact ou\nd&#8217;inscription, con\u00e7us et int\u00e9gr\u00e9s \u00e0 l&#8217;aide du plugin Elementor pour WordPress. Ces\nformulaires permettent aux utilisateurs de nous contacter, de s&#8217;inscrire \u00e0 nos\n\u00e9v\u00e9nements ou de recevoir des informations sur nos services.\nLorsque vous remplissez et soumettez un formulaire, les donn\u00e9es personnelles que\nvous fournissez (telles que votre nom, adresse e-mail, num\u00e9ro de t\u00e9l\u00e9phone, etc.)\nsont collect\u00e9es et trait\u00e9es par IMT Transfert dans le respect de la r\u00e9glementation en\nvigueur, notamment le R\u00e8glement G\u00e9n\u00e9ral sur la Protection des Donn\u00e9es (RGPD).\nCes informations sont utilis\u00e9es exclusivement pour r\u00e9pondre \u00e0 votre demande et ne\nsont pas partag\u00e9es avec des tiers sans votre consentement, sauf obligation l\u00e9gale.<br><br>\nElementor est un constructeur de pages pour WordPress qui respecte les normes de\ns\u00e9curit\u00e9 et de confidentialit\u00e9 en vigueur. Pour en savoir plus sur la politique de\nconfidentialit\u00e9 d&#8217;Elementor et les mesures mises en place pour prot\u00e9ger vos\ndonn\u00e9es, vous pouvez consulter leur page d\u00e9di\u00e9e :\u00a0https:\/\/elementor.com\/fr\/privacy-\npolicy\/.<br><br>\nPour toute question concernant les mentions l\u00e9gales, veuillez nous contacter \u00e0\ntravers le formulaire de contact du site.\t\t\t\t\t\t\t\t<\/div>\n\t\t\t\t<\/div>\n\t\t\t\t\t<\/div>\n\t\t<\/div>\n\t\t\t\t\t<\/div>\n\t\t<\/section>\n\t\t\t\t<\/div>\n\t\t","protected":false},"excerpt":{"rendered":"<p>Mentions L\u00e9gales \u00c9diteur du site : IMT Transfert &#8211; TeralabDirection G\u00e9n\u00e9rale19 Place Marguerite Perey91120 Palaiseau, FranceSite web :\u00a0https:\/\/www.teralab-datascience.fr\/Soci\u00e9t\u00e9 :IMT TransfertDirection G\u00e9n\u00e9rale19 Place Marguerite Perey91120 Palaiseau, FranceSASU au capital de 2 010 200,00 \u20acSIRET : 43454187600042TVA intracommunautaire : FR57434541876 H\u00e9bergement du site : Nom de l&#8217;h\u00e9bergeur : Scaleway Adresse : BP 438 75366 PARIS CEDEX 08 [&hellip;]<\/p>\n","protected":false},"author":1,"featured_media":0,"parent":0,"menu_order":0,"comment_status":"closed","ping_status":"closed","template":"","meta":{"_acf_changed":false,"site-sidebar-layout":"no-sidebar","site-content-layout":"page-builder","ast-site-content-layout":"default","site-content-style":"default","site-sidebar-style":"default","ast-global-header-display":"","ast-banner-title-visibility":"","ast-main-header-display":"","ast-hfb-above-header-display":"","ast-hfb-below-header-display":"","ast-hfb-mobile-header-display":"","site-post-title":"disabled","ast-breadcrumbs-content":"","ast-featured-img":"disabled","footer-sml-layout":"","ast-disable-related-posts":"","theme-transparent-header-meta":"default","adv-header-id-meta":"","stick-header-meta":"","header-above-stick-meta":"","header-main-stick-meta":"","header-below-stick-meta":"","astra-migrate-meta-layouts":"default","ast-page-background-enabled":"default","ast-page-background-meta":{"desktop":{"background-color":"","background-image":"","background-repeat":"repeat","background-position":"center center","background-size":"auto","background-attachment":"scroll","background-type":"","background-media":"","overlay-type":"","overlay-color":"","overlay-opacity":"","overlay-gradient":""},"tablet":{"background-color":"","background-image":"","background-repeat":"repeat","background-position":"center center","background-size":"auto","background-attachment":"scroll","background-type":"","background-media":"","overlay-type":"","overlay-color":"","overlay-opacity":"","overlay-gradient":""},"mobile":{"background-color":"","background-image":"","background-repeat":"repeat","background-position":"center center","background-size":"auto","background-attachment":"scroll","background-type":"","background-media":"","overlay-type":"","overlay-color":"","overlay-opacity":"","overlay-gradient":""}},"ast-content-background-meta":{"desktop":{"background-color":"var(--ast-global-color-5)","background-image":"","background-repeat":"repeat","background-position":"center center","background-size":"auto","background-attachment":"scroll","background-type":"","background-media":"","overlay-type":"","overlay-color":"","overlay-opacity":"","overlay-gradient":""},"tablet":{"background-color":"var(--ast-global-color-5)","background-image":"","background-repeat":"repeat","background-position":"center center","background-size":"auto","background-attachment":"scroll","background-type":"","background-media":"","overlay-type":"","overlay-color":"","overlay-opacity":"","overlay-gradient":""},"mobile":{"background-color":"var(--ast-global-color-5)","background-image":"","background-repeat":"repeat","background-position":"center center","background-size":"auto","background-attachment":"scroll","background-type":"","background-media":"","overlay-type":"","overlay-color":"","overlay-opacity":"","overlay-gradient":""}},"footnotes":""},"class_list":["post-1630","page","type-page","status-publish","hentry"],"acf":[],"_links":{"self":[{"href":"https:\/\/www.teralab-datascience.fr\/index.php?rest_route=\/wp\/v2\/pages\/1630","targetHints":{"allow":["GET"]}}],"collection":[{"href":"https:\/\/www.teralab-datascience.fr\/index.php?rest_route=\/wp\/v2\/pages"}],"about":[{"href":"https:\/\/www.teralab-datascience.fr\/index.php?rest_route=\/wp\/v2\/types\/page"}],"author":[{"embeddable":true,"href":"https:\/\/www.teralab-datascience.fr\/index.php?rest_route=\/wp\/v2\/users\/1"}],"replies":[{"embeddable":true,"href":"https:\/\/www.teralab-datascience.fr\/index.php?rest_route=%2Fwp%2Fv2%2Fcomments&post=1630"}],"version-history":[{"count":19,"href":"https:\/\/www.teralab-datascience.fr\/index.php?rest_route=\/wp\/v2\/pages\/1630\/revisions"}],"predecessor-version":[{"id":1653,"href":"https:\/\/www.teralab-datascience.fr\/index.php?rest_route=\/wp\/v2\/pages\/1630\/revisions\/1653"}],"wp:attachment":[{"href":"https:\/\/www.teralab-datascience.fr\/index.php?rest_route=%2Fwp%2Fv2%2Fmedia&parent=1630"}],"curies":[{"name":"wp","href":"https:\/\/api.w.org\/{rel}","templated":true}]}}